{"id":20,"date":"2018-04-12T22:12:36","date_gmt":"2018-04-12T22:12:36","guid":{"rendered":"http:\/\/radiocruzdasarmasfm.com.br\/site\/?page_id=20"},"modified":"2025-10-06T19:56:46","modified_gmt":"2025-10-06T22:56:46","slug":"a-radio","status":"publish","type":"page","link":"https:\/\/radiocruzdasarmasfm.com.br\/site\/a-radio\/","title":{"rendered":"A R\u00e1dio"},"content":{"rendered":"\t\t<div data-elementor-type=\"wp-post\" data-elementor-id=\"20\" class=\"elementor elementor-20\" data-elementor-post-type=\"page\">\n\t\t\t\t\t\t<section class=\"elementor-section elementor-top-section elementor-element elementor-element-e0cfe5c elementor-section-boxed elementor-section-height-default elementor-section-height-default\" data-id=\"e0cfe5c\" data-element_type=\"section\" data-e-type=\"section\">\n\t\t\t\t\t\t<div class=\"elementor-container elementor-column-gap-default\">\n\t\t\t\t\t<div class=\"elementor-column elementor-col-100 elementor-top-column elementor-element elementor-element-a12f4ef\" data-id=\"a12f4ef\" data-element_type=\"column\" data-e-type=\"column\">\n\t\t\t<div class=\"elementor-widget-wrap elementor-element-populated\">\n\t\t\t\t\t\t<div class=\"elementor-element elementor-element-9d12f93 elementor-widget elementor-widget-heading\" data-id=\"9d12f93\" data-element_type=\"widget\" data-e-type=\"widget\" data-widget_type=\"heading.default\">\n\t\t\t\t<div class=\"elementor-widget-container\">\n\t\t\t\t\t<h2 class=\"elementor-heading-title elementor-size-default\">A R\u00e1dio<\/h2>\t\t\t\t<\/div>\n\t\t\t\t<\/div>\n\t\t\t\t\t<\/div>\n\t\t<\/div>\n\t\t\t\t\t<\/div>\n\t\t<\/section>\n\t\t\t\t<section class=\"elementor-section elementor-top-section elementor-element elementor-element-cf53f8e elementor-section-boxed elementor-section-height-default elementor-section-height-default\" data-id=\"cf53f8e\" data-element_type=\"section\" data-e-type=\"section\">\n\t\t\t\t\t\t<div class=\"elementor-container elementor-column-gap-default\">\n\t\t\t\t\t<div class=\"elementor-column elementor-col-100 elementor-top-column elementor-element elementor-element-5f58674\" data-id=\"5f58674\" data-element_type=\"column\" data-e-type=\"column\">\n\t\t\t<div class=\"elementor-widget-wrap elementor-element-populated\">\n\t\t\t\t\t\t<div class=\"elementor-element elementor-element-801e656 elementor-widget elementor-widget-text-editor\" data-id=\"801e656\" data-element_type=\"widget\" data-e-type=\"widget\" data-widget_type=\"text-editor.default\">\n\t\t\t\t<div class=\"elementor-widget-container\">\n\t\t\t\t\t\t\t\t\t<p>A R\u00e1dio Fm 87.9, publicada no di\u00e1rio oficial da uni\u00e3o em 16 de Mar\u00e7o de 2001 autorizada pelo minist\u00e9rio das comunica\u00e7\u00f5es, tem como objetivo incentivar as atividades educativas, art\u00edsticas, culturais e informativas, em benef\u00edcio do desenvolvimento geral da comunidade.\u202f\u00a0<\/p><p>Promover e realizar programas onde leve boa not\u00edcia, informa\u00e7\u00e3o, m\u00fasica, cultura, educa\u00e7\u00e3o, arte, lazer, e entretenimento, n\u00e3o havendo discrimina\u00e7\u00e3o de ra\u00e7a, sexo, prefer\u00eancias sexuais, convic\u00e7\u00f5es pol\u00edtico-ideol\u00f3gico-partid\u00e1rias e condi\u00e7\u00e3o social, respeitando os valores \u00e9ticos e sociais da pessoa e da fam\u00edlia, favorecendo a integra\u00e7\u00e3o da sociedade como um todo. Com uma programa\u00e7\u00e3o de alta qualidade rica em destacar e valorizar os artistas da terra, e descobrir e incentivar novos talentos.\u202f\u00a0<\/p><p>Um meio de comunica\u00e7\u00e3o altamente democr\u00e1tico e aberto aos interesses da sociedade defendendo e reivindicando os interesses para o bem estar de todos, com uma programa\u00e7\u00e3o vinte e quatro horas. A 87.9, R\u00e1dio Comunit\u00e1ria Cruz das Armas Fm \u00e9 um meio de comunica\u00e7\u00e3o vers\u00e1til e din\u00e2mico com programas que incentivar\u00e3o a arte e a cultura do nosso povo.\u202f<span data-ccp-props=\"{\">\u00a0<\/span><\/p><p>A Emissora Cruz das Armas FM 87,9 vem se destacando na m\u00eddia da grande Jo\u00e3o Pessoa, claro&#8230; pelo seu excelente trabalho junto a comunidade desempenhando seu papel de R\u00e1dio comunit\u00e1ria que est\u00e1 sempre mais perto do cidad\u00e3o, destacando o que h\u00e1 de mais importante na cultura Paraibana e cobrando junto as autoridades a solu\u00e7\u00e3o dos problemas nas comunidades.\u00a0<\/p><p>O diretor da emissora o Sr. Jonildo Cavalcante Filho, vem a frente deste veiculo de comunica\u00e7\u00e3o desde a sua funda\u00e7\u00e3o, j\u00e1 entrando em seu 9\u00ba ano de exist\u00eancia na cidade. Sempre com muito profissionalismo e seriedade em seu trabalho como comunicador. Tamb\u00e9m realizando trabalhos comunit\u00e1rios junto a sociedade carente, e ainda, dando oportunidade a pessoas interessadas em entrar na \u00e1rea de comunica\u00e7\u00e3o j\u00e1 que a Radio 87,9 FM pode ser chamada de \u201cgrande laborat\u00f3rio\u201d para forma\u00e7\u00e3o de profissionais na \u00e1rea.\u00a0<\/p><p>Com isso toda a sociedade \u00e9 quem ganha com este trabalho realizado pela Radio comunit\u00e1ria Cruz das armas FM 87,9 a radio que \u00e9\u202f a sua cara&#8230;<span data-ccp-props=\"{\">\u00a0<\/span><\/p>\t\t\t\t\t\t\t\t<\/div>\n\t\t\t\t<\/div>\n\t\t\t\t\t<\/div>\n\t\t<\/div>\n\t\t\t\t\t<\/div>\n\t\t<\/section>\n\t\t\t\t<\/div>\n\t\t","protected":false},"excerpt":{"rendered":"<p>A R\u00e1dio A R\u00e1dio Fm 87.9, publicada no di\u00e1rio oficial da uni\u00e3o em 16 de Mar\u00e7o de 2001 autorizada pelo minist\u00e9rio das comunica\u00e7\u00f5es, tem como objetivo incentivar as atividades educativas, art\u00edsticas, culturais e informativas, em benef\u00edcio do desenvolvimento geral da comunidade.\u202f\u00a0 Promover e realizar programas onde leve boa not\u00edcia, informa\u00e7\u00e3o, m\u00fasica, cultura, educa\u00e7\u00e3o, arte, lazer, [&hellip;]<\/p>\n","protected":false},"author":1,"featured_media":0,"parent":0,"menu_order":0,"comment_status":"closed","ping_status":"closed","template":"","meta":{"footnotes":""},"class_list":["post-20","page","type-page","status-publish","hentry"],"_links":{"self":[{"href":"https:\/\/radiocruzdasarmasfm.com.br\/site\/wp-json\/wp\/v2\/pages\/20","targetHints":{"allow":["GET"]}}],"collection":[{"href":"https:\/\/radiocruzdasarmasfm.com.br\/site\/wp-json\/wp\/v2\/pages"}],"about":[{"href":"https:\/\/radiocruzdasarmasfm.com.br\/site\/wp-json\/wp\/v2\/types\/page"}],"author":[{"embeddable":true,"href":"https:\/\/radiocruzdasarmasfm.com.br\/site\/wp-json\/wp\/v2\/users\/1"}],"replies":[{"embeddable":true,"href":"https:\/\/radiocruzdasarmasfm.com.br\/site\/wp-json\/wp\/v2\/comments?post=20"}],"version-history":[{"count":5,"href":"https:\/\/radiocruzdasarmasfm.com.br\/site\/wp-json\/wp\/v2\/pages\/20\/revisions"}],"predecessor-version":[{"id":6328,"href":"https:\/\/radiocruzdasarmasfm.com.br\/site\/wp-json\/wp\/v2\/pages\/20\/revisions\/6328"}],"wp:attachment":[{"href":"https:\/\/radiocruzdasarmasfm.com.br\/site\/wp-json\/wp\/v2\/media?parent=20"}],"curies":[{"name":"wp","href":"https:\/\/api.w.org\/{rel}","templated":true}]}}