{"id":510,"date":"2024-04-17T17:11:37","date_gmt":"2024-04-17T20:11:37","guid":{"rendered":"https:\/\/radiocruzdasarmasfm.com.br\/site\/?page_id=510"},"modified":"2024-04-22T10:21:11","modified_gmt":"2024-04-22T13:21:11","slug":"noticias","status":"publish","type":"page","link":"https:\/\/radiocruzdasarmasfm.com.br\/site\/noticias\/","title":{"rendered":"Not\u00edcias"},"content":{"rendered":"\t\t<div data-elementor-type=\"wp-page\" data-elementor-id=\"510\" class=\"elementor elementor-510\" data-elementor-post-type=\"page\">\n\t\t\t\t\t\t<section class=\"elementor-section elementor-top-section elementor-element elementor-element-c852aca elementor-section-boxed elementor-section-height-default elementor-section-height-default\" data-id=\"c852aca\" data-element_type=\"section\" data-e-type=\"section\">\n\t\t\t\t\t\t<div class=\"elementor-container elementor-column-gap-default\">\n\t\t\t\t\t<div class=\"elementor-column elementor-col-100 elementor-top-column elementor-element elementor-element-2c12695\" data-id=\"2c12695\" data-element_type=\"column\" data-e-type=\"column\">\n\t\t\t<div class=\"elementor-widget-wrap elementor-element-populated\">\n\t\t\t\t\t\t<div class=\"elementor-element elementor-element-a653288 elementor-widget-divider--view-line_text elementor-widget-divider--element-align-center elementor-widget elementor-widget-divider\" data-id=\"a653288\" data-element_type=\"widget\" data-e-type=\"widget\" data-widget_type=\"divider.default\">\n\t\t\t\t<div class=\"elementor-widget-container\">\n\t\t\t\t\t\t\t<div class=\"elementor-divider\">\n\t\t\t<span class=\"elementor-divider-separator\">\n\t\t\t\t\t\t\t<span class=\"elementor-divider__text elementor-divider__element\">\n\t\t\t\tNOT\u00cdCIAS\t\t\t\t<\/span>\n\t\t\t\t\t\t<\/span>\n\t\t<\/div>\n\t\t\t\t\t\t<\/div>\n\t\t\t\t<\/div>\n\t\t\t\t\t<\/div>\n\t\t<\/div>\n\t\t\t\t\t<\/div>\n\t\t<\/section>\n\t\t\t\t<section class=\"elementor-section elementor-top-section elementor-element elementor-element-ddc0939 elementor-section-boxed elementor-section-height-default elementor-section-height-default\" data-id=\"ddc0939\" data-element_type=\"section\" data-e-type=\"section\">\n\t\t\t\t\t\t<div class=\"elementor-container elementor-column-gap-default\">\n\t\t\t\t\t<div class=\"elementor-column elementor-col-50 elementor-top-column elementor-element elementor-element-ac9bfc1\" data-id=\"ac9bfc1\" data-element_type=\"column\" data-e-type=\"column\">\n\t\t\t<div class=\"elementor-widget-wrap elementor-element-populated\">\n\t\t\t\t\t\t<div class=\"elementor-element elementor-element-b4fa478 elementor-grid-1 elementor-grid-tablet-2 elementor-grid-mobile-1 elementor-posts--thumbnail-top elementor-card-shadow-yes elementor-posts__hover-gradient elementor-widget elementor-widget-posts\" data-id=\"b4fa478\" data-element_type=\"widget\" data-e-type=\"widget\" data-settings=\"{&quot;cards_columns&quot;:&quot;1&quot;,&quot;cards_columns_tablet&quot;:&quot;2&quot;,&quot;cards_columns_mobile&quot;:&quot;1&quot;,&quot;cards_row_gap&quot;:{&quot;unit&quot;:&quot;px&quot;,&quot;size&quot;:35,&quot;sizes&quot;:[]},&quot;cards_row_gap_tablet&quot;:{&quot;unit&quot;:&quot;px&quot;,&quot;size&quot;:&quot;&quot;,&quot;sizes&quot;:[]},&quot;cards_row_gap_mobile&quot;:{&quot;unit&quot;:&quot;px&quot;,&quot;size&quot;:&quot;&quot;,&quot;sizes&quot;:[]}}\" data-widget_type=\"posts.cards\">\n\t\t\t\t<div class=\"elementor-widget-container\">\n\t\t\t\t\t\t\t<div class=\"elementor-posts-container elementor-posts elementor-posts--skin-cards elementor-grid\" role=\"list\">\n\t\t\t\t<article class=\"elementor-post elementor-grid-item post-8870 post type-post status-publish format-standard has-post-thumbnail hentry category-noticias\" role=\"listitem\">\n\t\t\t<div class=\"elementor-post__card\">\n\t\t\t\t<a class=\"elementor-post__thumbnail__link\" href=\"https:\/\/radiocruzdasarmasfm.com.br\/site\/2026\/04\/18\/oscar-schmidt-maior-idolo-do-basquete-brasileiro-morre-em-sp-aos-68-anos\/\" tabindex=\"-1\" ><div class=\"elementor-post__thumbnail\"><img fetchpriority=\"high\" decoding=\"async\" width=\"637\" height=\"481\" src=\"https:\/\/radiocruzdasarmasfm.com.br\/site\/wp-content\/uploads\/2026\/04\/OSCAR.webp\" class=\"attachment-full size-full wp-image-8871\" alt=\"\" srcset=\"https:\/\/radiocruzdasarmasfm.com.br\/site\/wp-content\/uploads\/2026\/04\/OSCAR.webp 637w, https:\/\/radiocruzdasarmasfm.com.br\/site\/wp-content\/uploads\/2026\/04\/OSCAR-300x227.webp 300w\" sizes=\"(max-width: 637px) 100vw, 637px\" \/><\/div><\/a>\n\t\t\t\t<div class=\"elementor-post__badge\">Not\u00edcias<\/div>\n\t\t\t\t<div class=\"elementor-post__text\">\n\t\t\t\t<h3 class=\"elementor-post__title\">\n\t\t\t<a href=\"https:\/\/radiocruzdasarmasfm.com.br\/site\/2026\/04\/18\/oscar-schmidt-maior-idolo-do-basquete-brasileiro-morre-em-sp-aos-68-anos\/\" >\n\t\t\t\tOscar Schmidt, maior \u00eddolo do basquete brasileiro, morre em SP aos 68 anos\t\t\t<\/a>\n\t\t<\/h3>\n\t\t\t\t<\/div>\n\t\t\t\t\t<\/div>\n\t\t<\/article>\n\t\t\t\t<\/div>\n\t\t\n\t\t\t\t\t\t<\/div>\n\t\t\t\t<\/div>\n\t\t\t\t\t<\/div>\n\t\t<\/div>\n\t\t\t\t<div class=\"elementor-column elementor-col-50 elementor-top-column elementor-element elementor-element-f32fe3d\" data-id=\"f32fe3d\" data-element_type=\"column\" data-e-type=\"column\">\n\t\t\t<div class=\"elementor-widget-wrap elementor-element-populated\">\n\t\t\t\t\t\t<div class=\"elementor-element elementor-element-ac571dd elementor-grid-2 elementor-grid-mobile-2 elementor-grid-tablet-2 elementor-posts--thumbnail-top elementor-card-shadow-yes elementor-posts__hover-gradient elementor-widget elementor-widget-posts\" data-id=\"ac571dd\" data-element_type=\"widget\" data-e-type=\"widget\" data-settings=\"{&quot;cards_columns&quot;:&quot;2&quot;,&quot;cards_columns_mobile&quot;:&quot;2&quot;,&quot;cards_columns_tablet&quot;:&quot;2&quot;,&quot;cards_row_gap&quot;:{&quot;unit&quot;:&quot;px&quot;,&quot;size&quot;:35,&quot;sizes&quot;:[]},&quot;cards_row_gap_tablet&quot;:{&quot;unit&quot;:&quot;px&quot;,&quot;size&quot;:&quot;&quot;,&quot;sizes&quot;:[]},&quot;cards_row_gap_mobile&quot;:{&quot;unit&quot;:&quot;px&quot;,&quot;size&quot;:&quot;&quot;,&quot;sizes&quot;:[]}}\" data-widget_type=\"posts.cards\">\n\t\t\t\t<div class=\"elementor-widget-container\">\n\t\t\t\t\t\t\t<div class=\"elementor-posts-container elementor-posts elementor-posts--skin-cards elementor-grid\" role=\"list\">\n\t\t\t\t<article class=\"elementor-post elementor-grid-item post-8867 post type-post status-publish format-standard has-post-thumbnail hentry category-noticias\" role=\"listitem\">\n\t\t\t<div class=\"elementor-post__card\">\n\t\t\t\t<a class=\"elementor-post__thumbnail__link\" href=\"https:\/\/radiocruzdasarmasfm.com.br\/site\/2026\/04\/18\/convocacao-da-selecao-veja-todos-os-convocados-no-ciclo-para-copa-do-mundo\/\" tabindex=\"-1\" ><div class=\"elementor-post__thumbnail\"><img decoding=\"async\" width=\"768\" height=\"432\" src=\"https:\/\/radiocruzdasarmasfm.com.br\/site\/wp-content\/uploads\/2026\/04\/brasil-768x432.webp\" class=\"attachment-medium_large size-medium_large wp-image-8868\" alt=\"\" srcset=\"https:\/\/radiocruzdasarmasfm.com.br\/site\/wp-content\/uploads\/2026\/04\/brasil-768x432.webp 768w, https:\/\/radiocruzdasarmasfm.com.br\/site\/wp-content\/uploads\/2026\/04\/brasil-300x169.webp 300w, https:\/\/radiocruzdasarmasfm.com.br\/site\/wp-content\/uploads\/2026\/04\/brasil-700x394.webp 700w, https:\/\/radiocruzdasarmasfm.com.br\/site\/wp-content\/uploads\/2026\/04\/brasil.webp 800w\" sizes=\"(max-width: 768px) 100vw, 768px\" \/><\/div><\/a>\n\t\t\t\t<div class=\"elementor-post__badge\">Not\u00edcias<\/div>\n\t\t\t\t<div class=\"elementor-post__text\">\n\t\t\t\t<h3 class=\"elementor-post__title\">\n\t\t\t<a href=\"https:\/\/radiocruzdasarmasfm.com.br\/site\/2026\/04\/18\/convocacao-da-selecao-veja-todos-os-convocados-no-ciclo-para-copa-do-mundo\/\" >\n\t\t\t\tConvoca\u00e7\u00e3o da Sele\u00e7\u00e3o: veja todos os convocados no ciclo para Copa do Mundo\t\t\t<\/a>\n\t\t<\/h3>\n\t\t\t\t<\/div>\n\t\t\t\t\t<\/div>\n\t\t<\/article>\n\t\t\t\t<article class=\"elementor-post elementor-grid-item post-8864 post type-post status-publish format-standard has-post-thumbnail hentry category-noticias\" role=\"listitem\">\n\t\t\t<div class=\"elementor-post__card\">\n\t\t\t\t<a class=\"elementor-post__thumbnail__link\" href=\"https:\/\/radiocruzdasarmasfm.com.br\/site\/2026\/04\/18\/ira-volta-a-fechar-o-estreito-de-ormuz-e-eleva-tensao-contra-os-eua\/\" tabindex=\"-1\" ><div class=\"elementor-post__thumbnail\"><img decoding=\"async\" width=\"768\" height=\"432\" src=\"https:\/\/radiocruzdasarmasfm.com.br\/site\/wp-content\/uploads\/2026\/04\/ORMUZ_1-1536x864-1-768x432.jpg\" class=\"attachment-medium_large size-medium_large wp-image-8865\" alt=\"\" srcset=\"https:\/\/radiocruzdasarmasfm.com.br\/site\/wp-content\/uploads\/2026\/04\/ORMUZ_1-1536x864-1-768x432.jpg 768w, https:\/\/radiocruzdasarmasfm.com.br\/site\/wp-content\/uploads\/2026\/04\/ORMUZ_1-1536x864-1-300x169.jpg 300w, https:\/\/radiocruzdasarmasfm.com.br\/site\/wp-content\/uploads\/2026\/04\/ORMUZ_1-1536x864-1-700x394.jpg 700w, https:\/\/radiocruzdasarmasfm.com.br\/site\/wp-content\/uploads\/2026\/04\/ORMUZ_1-1536x864-1.jpg 1536w\" sizes=\"(max-width: 768px) 100vw, 768px\" \/><\/div><\/a>\n\t\t\t\t<div class=\"elementor-post__badge\">Not\u00edcias<\/div>\n\t\t\t\t<div class=\"elementor-post__text\">\n\t\t\t\t<h3 class=\"elementor-post__title\">\n\t\t\t<a href=\"https:\/\/radiocruzdasarmasfm.com.br\/site\/2026\/04\/18\/ira-volta-a-fechar-o-estreito-de-ormuz-e-eleva-tensao-contra-os-eua\/\" >\n\t\t\t\tIr\u00e3 volta a fechar o Estreito de Ormuz e eleva tens\u00e3o contra os EUA\t\t\t<\/a>\n\t\t<\/h3>\n\t\t\t\t<\/div>\n\t\t\t\t\t<\/div>\n\t\t<\/article>\n\t\t\t\t<\/div>\n\t\t\n\t\t\t\t\t\t<\/div>\n\t\t\t\t<\/div>\n\t\t\t\t<div class=\"elementor-element elementor-element-938b599 elementor-grid-2 elementor-grid-mobile-2 elementor-grid-tablet-2 elementor-posts--thumbnail-top elementor-card-shadow-yes elementor-posts__hover-gradient elementor-widget elementor-widget-posts\" data-id=\"938b599\" data-element_type=\"widget\" data-e-type=\"widget\" data-settings=\"{&quot;cards_columns&quot;:&quot;2&quot;,&quot;cards_columns_mobile&quot;:&quot;2&quot;,&quot;cards_columns_tablet&quot;:&quot;2&quot;,&quot;cards_row_gap&quot;:{&quot;unit&quot;:&quot;px&quot;,&quot;size&quot;:35,&quot;sizes&quot;:[]},&quot;cards_row_gap_tablet&quot;:{&quot;unit&quot;:&quot;px&quot;,&quot;size&quot;:&quot;&quot;,&quot;sizes&quot;:[]},&quot;cards_row_gap_mobile&quot;:{&quot;unit&quot;:&quot;px&quot;,&quot;size&quot;:&quot;&quot;,&quot;sizes&quot;:[]}}\" data-widget_type=\"posts.cards\">\n\t\t\t\t<div class=\"elementor-widget-container\">\n\t\t\t\t\t\t\t<div class=\"elementor-posts-container elementor-posts elementor-posts--skin-cards elementor-grid\" role=\"list\">\n\t\t\t\t<article class=\"elementor-post elementor-grid-item post-8858 post type-post status-publish format-standard has-post-thumbnail hentry category-noticias\" role=\"listitem\">\n\t\t\t<div class=\"elementor-post__card\">\n\t\t\t\t<a class=\"elementor-post__thumbnail__link\" href=\"https:\/\/radiocruzdasarmasfm.com.br\/site\/2026\/04\/17\/operacao-policial-resulta-em-prisao-de-homem-que-negociou-abuso-de-crianca-por-r-200-em-rede-social\/\" tabindex=\"-1\" ><div class=\"elementor-post__thumbnail\"><img loading=\"lazy\" decoding=\"async\" width=\"768\" height=\"480\" src=\"https:\/\/radiocruzdasarmasfm.com.br\/site\/wp-content\/uploads\/2026\/04\/image-62-800x500-1-768x480.webp\" class=\"attachment-medium_large size-medium_large wp-image-8859\" alt=\"\" srcset=\"https:\/\/radiocruzdasarmasfm.com.br\/site\/wp-content\/uploads\/2026\/04\/image-62-800x500-1-768x480.webp 768w, https:\/\/radiocruzdasarmasfm.com.br\/site\/wp-content\/uploads\/2026\/04\/image-62-800x500-1-300x188.webp 300w, https:\/\/radiocruzdasarmasfm.com.br\/site\/wp-content\/uploads\/2026\/04\/image-62-800x500-1-700x438.webp 700w, https:\/\/radiocruzdasarmasfm.com.br\/site\/wp-content\/uploads\/2026\/04\/image-62-800x500-1.webp 800w\" sizes=\"(max-width: 768px) 100vw, 768px\" \/><\/div><\/a>\n\t\t\t\t<div class=\"elementor-post__badge\">Not\u00edcias<\/div>\n\t\t\t\t<div class=\"elementor-post__text\">\n\t\t\t\t<h3 class=\"elementor-post__title\">\n\t\t\t<a href=\"https:\/\/radiocruzdasarmasfm.com.br\/site\/2026\/04\/17\/operacao-policial-resulta-em-prisao-de-homem-que-negociou-abuso-de-crianca-por-r-200-em-rede-social\/\" >\n\t\t\t\tOpera\u00e7\u00e3o policial resulta em pris\u00e3o de homem que negociou abuso de crian\u00e7a por R$ 200 em rede social\t\t\t<\/a>\n\t\t<\/h3>\n\t\t\t\t<\/div>\n\t\t\t\t\t<\/div>\n\t\t<\/article>\n\t\t\t\t<article class=\"elementor-post elementor-grid-item post-8855 post type-post status-publish format-standard has-post-thumbnail hentry category-noticias\" role=\"listitem\">\n\t\t\t<div class=\"elementor-post__card\">\n\t\t\t\t<a class=\"elementor-post__thumbnail__link\" href=\"https:\/\/radiocruzdasarmasfm.com.br\/site\/2026\/04\/17\/especialistas-dizem-que-75-dos-casos-de-cegueira-podem-ser-evitados\/\" tabindex=\"-1\" ><div class=\"elementor-post__thumbnail\"><img loading=\"lazy\" decoding=\"async\" width=\"768\" height=\"576\" src=\"https:\/\/radiocruzdasarmasfm.com.br\/site\/wp-content\/uploads\/2026\/04\/tiro-bonito-macro-closeup-de-olhos-profundos-de-um-ser-humano-sexo-feminino-1536x1152-1-768x576.jpg\" class=\"attachment-medium_large size-medium_large wp-image-8856\" alt=\"\" srcset=\"https:\/\/radiocruzdasarmasfm.com.br\/site\/wp-content\/uploads\/2026\/04\/tiro-bonito-macro-closeup-de-olhos-profundos-de-um-ser-humano-sexo-feminino-1536x1152-1-768x576.jpg 768w, https:\/\/radiocruzdasarmasfm.com.br\/site\/wp-content\/uploads\/2026\/04\/tiro-bonito-macro-closeup-de-olhos-profundos-de-um-ser-humano-sexo-feminino-1536x1152-1-300x225.jpg 300w, https:\/\/radiocruzdasarmasfm.com.br\/site\/wp-content\/uploads\/2026\/04\/tiro-bonito-macro-closeup-de-olhos-profundos-de-um-ser-humano-sexo-feminino-1536x1152-1-700x525.jpg 700w, https:\/\/radiocruzdasarmasfm.com.br\/site\/wp-content\/uploads\/2026\/04\/tiro-bonito-macro-closeup-de-olhos-profundos-de-um-ser-humano-sexo-feminino-1536x1152-1.jpg 1536w\" sizes=\"(max-width: 768px) 100vw, 768px\" \/><\/div><\/a>\n\t\t\t\t<div class=\"elementor-post__badge\">Not\u00edcias<\/div>\n\t\t\t\t<div class=\"elementor-post__text\">\n\t\t\t\t<h3 class=\"elementor-post__title\">\n\t\t\t<a href=\"https:\/\/radiocruzdasarmasfm.com.br\/site\/2026\/04\/17\/especialistas-dizem-que-75-dos-casos-de-cegueira-podem-ser-evitados\/\" >\n\t\t\t\tEspecialistas dizem que 75% dos casos de cegueira podem ser evitados\t\t\t<\/a>\n\t\t<\/h3>\n\t\t\t\t<\/div>\n\t\t\t\t\t<\/div>\n\t\t<\/article>\n\t\t\t\t<\/div>\n\t\t\n\t\t\t\t\t\t<\/div>\n\t\t\t\t<\/div>\n\t\t\t\t\t<\/div>\n\t\t<\/div>\n\t\t\t\t\t<\/div>\n\t\t<\/section>\n\t\t\t\t<section class=\"elementor-section elementor-top-section elementor-element elementor-element-e9d93d1 elementor-section-boxed elementor-section-height-default elementor-section-height-default\" data-id=\"e9d93d1\" data-element_type=\"section\" data-e-type=\"section\">\n\t\t\t\t\t\t<div class=\"elementor-container elementor-column-gap-default\">\n\t\t\t\t\t<div class=\"elementor-column elementor-col-100 elementor-top-column elementor-element elementor-element-f38a21b\" data-id=\"f38a21b\" data-element_type=\"column\" data-e-type=\"column\">\n\t\t\t<div class=\"elementor-widget-wrap elementor-element-populated\">\n\t\t\t\t\t\t<div class=\"elementor-element elementor-element-7b1154c elementor-widget elementor-widget-image\" data-id=\"7b1154c\" data-element_type=\"widget\" data-e-type=\"widget\" data-widget_type=\"image.default\">\n\t\t\t\t<div class=\"elementor-widget-container\">\n\t\t\t\t\t\t\t\t\t\t\t\t\t\t\t<img loading=\"lazy\" decoding=\"async\" width=\"1170\" height=\"190\" src=\"https:\/\/radiocruzdasarmasfm.com.br\/site\/wp-content\/uploads\/2024\/04\/Banner_Prefeitura.gif\" class=\"attachment-full size-full wp-image-477\" alt=\"\" \/>\t\t\t\t\t\t\t\t\t\t\t\t\t\t\t<\/div>\n\t\t\t\t<\/div>\n\t\t\t\t\t<\/div>\n\t\t<\/div>\n\t\t\t\t\t<\/div>\n\t\t<\/section>\n\t\t\t\t<section class=\"elementor-section elementor-top-section elementor-element elementor-element-9cb99ea elementor-section-boxed elementor-section-height-default elementor-section-height-default\" data-id=\"9cb99ea\" data-element_type=\"section\" data-e-type=\"section\">\n\t\t\t\t\t\t<div class=\"elementor-container elementor-column-gap-default\">\n\t\t\t\t\t<div class=\"elementor-column elementor-col-100 elementor-top-column elementor-element elementor-element-2a5e916\" data-id=\"2a5e916\" data-element_type=\"column\" data-e-type=\"column\">\n\t\t\t<div class=\"elementor-widget-wrap elementor-element-populated\">\n\t\t\t\t\t\t<div class=\"elementor-element elementor-element-ea78d48 elementor-grid-4 elementor-grid-mobile-2 elementor-grid-tablet-2 elementor-posts--thumbnail-top elementor-card-shadow-yes elementor-posts__hover-gradient elementor-widget elementor-widget-posts\" data-id=\"ea78d48\" data-element_type=\"widget\" data-e-type=\"widget\" data-settings=\"{&quot;cards_columns&quot;:&quot;4&quot;,&quot;cards_columns_mobile&quot;:&quot;2&quot;,&quot;cards_columns_tablet&quot;:&quot;2&quot;,&quot;cards_row_gap&quot;:{&quot;unit&quot;:&quot;px&quot;,&quot;size&quot;:35,&quot;sizes&quot;:[]},&quot;cards_row_gap_tablet&quot;:{&quot;unit&quot;:&quot;px&quot;,&quot;size&quot;:&quot;&quot;,&quot;sizes&quot;:[]},&quot;cards_row_gap_mobile&quot;:{&quot;unit&quot;:&quot;px&quot;,&quot;size&quot;:&quot;&quot;,&quot;sizes&quot;:[]}}\" data-widget_type=\"posts.cards\">\n\t\t\t\t<div class=\"elementor-widget-container\">\n\t\t\t\t\t\t\t<div class=\"elementor-posts-container elementor-posts elementor-posts--skin-cards elementor-grid\" role=\"list\">\n\t\t\t\t<article class=\"elementor-post elementor-grid-item post-8855 post type-post status-publish format-standard has-post-thumbnail hentry category-noticias\" role=\"listitem\">\n\t\t\t<div class=\"elementor-post__card\">\n\t\t\t\t<a class=\"elementor-post__thumbnail__link\" href=\"https:\/\/radiocruzdasarmasfm.com.br\/site\/2026\/04\/17\/especialistas-dizem-que-75-dos-casos-de-cegueira-podem-ser-evitados\/\" tabindex=\"-1\" ><div class=\"elementor-post__thumbnail\"><img loading=\"lazy\" decoding=\"async\" width=\"768\" height=\"576\" src=\"https:\/\/radiocruzdasarmasfm.com.br\/site\/wp-content\/uploads\/2026\/04\/tiro-bonito-macro-closeup-de-olhos-profundos-de-um-ser-humano-sexo-feminino-1536x1152-1-768x576.jpg\" class=\"attachment-medium_large size-medium_large wp-image-8856\" alt=\"\" srcset=\"https:\/\/radiocruzdasarmasfm.com.br\/site\/wp-content\/uploads\/2026\/04\/tiro-bonito-macro-closeup-de-olhos-profundos-de-um-ser-humano-sexo-feminino-1536x1152-1-768x576.jpg 768w, https:\/\/radiocruzdasarmasfm.com.br\/site\/wp-content\/uploads\/2026\/04\/tiro-bonito-macro-closeup-de-olhos-profundos-de-um-ser-humano-sexo-feminino-1536x1152-1-300x225.jpg 300w, https:\/\/radiocruzdasarmasfm.com.br\/site\/wp-content\/uploads\/2026\/04\/tiro-bonito-macro-closeup-de-olhos-profundos-de-um-ser-humano-sexo-feminino-1536x1152-1-700x525.jpg 700w, https:\/\/radiocruzdasarmasfm.com.br\/site\/wp-content\/uploads\/2026\/04\/tiro-bonito-macro-closeup-de-olhos-profundos-de-um-ser-humano-sexo-feminino-1536x1152-1.jpg 1536w\" sizes=\"(max-width: 768px) 100vw, 768px\" \/><\/div><\/a>\n\t\t\t\t<div class=\"elementor-post__badge\">Not\u00edcias<\/div>\n\t\t\t\t<div class=\"elementor-post__text\">\n\t\t\t\t<h3 class=\"elementor-post__title\">\n\t\t\t<a href=\"https:\/\/radiocruzdasarmasfm.com.br\/site\/2026\/04\/17\/especialistas-dizem-que-75-dos-casos-de-cegueira-podem-ser-evitados\/\" >\n\t\t\t\tEspecialistas dizem que 75% dos casos de cegueira podem ser evitados\t\t\t<\/a>\n\t\t<\/h3>\n\t\t\t\t<\/div>\n\t\t\t\t\t<\/div>\n\t\t<\/article>\n\t\t\t\t<article class=\"elementor-post elementor-grid-item post-8852 post type-post status-publish format-standard has-post-thumbnail hentry category-noticias category-politica\" role=\"listitem\">\n\t\t\t<div class=\"elementor-post__card\">\n\t\t\t\t<a class=\"elementor-post__thumbnail__link\" href=\"https:\/\/radiocruzdasarmasfm.com.br\/site\/2026\/04\/16\/cicero-lucena-fortalece-base-no-sertao-com-apoio-de-ramonilson-dr-erico-e-germana-wanderley\/\" tabindex=\"-1\" ><div class=\"elementor-post__thumbnail\"><img loading=\"lazy\" decoding=\"async\" width=\"768\" height=\"480\" src=\"https:\/\/radiocruzdasarmasfm.com.br\/site\/wp-content\/uploads\/2026\/04\/WhatsApp-Image-2026-04-16-at-14.29.52-800x500-1-768x480.webp\" class=\"attachment-medium_large size-medium_large wp-image-8853\" alt=\"\" srcset=\"https:\/\/radiocruzdasarmasfm.com.br\/site\/wp-content\/uploads\/2026\/04\/WhatsApp-Image-2026-04-16-at-14.29.52-800x500-1-768x480.webp 768w, https:\/\/radiocruzdasarmasfm.com.br\/site\/wp-content\/uploads\/2026\/04\/WhatsApp-Image-2026-04-16-at-14.29.52-800x500-1-300x188.webp 300w, https:\/\/radiocruzdasarmasfm.com.br\/site\/wp-content\/uploads\/2026\/04\/WhatsApp-Image-2026-04-16-at-14.29.52-800x500-1-700x438.webp 700w, https:\/\/radiocruzdasarmasfm.com.br\/site\/wp-content\/uploads\/2026\/04\/WhatsApp-Image-2026-04-16-at-14.29.52-800x500-1.webp 800w\" sizes=\"(max-width: 768px) 100vw, 768px\" \/><\/div><\/a>\n\t\t\t\t<div class=\"elementor-post__badge\">Not\u00edcias<\/div>\n\t\t\t\t<div class=\"elementor-post__text\">\n\t\t\t\t<h3 class=\"elementor-post__title\">\n\t\t\t<a href=\"https:\/\/radiocruzdasarmasfm.com.br\/site\/2026\/04\/16\/cicero-lucena-fortalece-base-no-sertao-com-apoio-de-ramonilson-dr-erico-e-germana-wanderley\/\" >\n\t\t\t\tC\u00edcero Lucena fortalece base no Sert\u00e3o com apoio de Ramonilson, Dr. \u00c9rico e Germana Wanderley\t\t\t<\/a>\n\t\t<\/h3>\n\t\t\t\t<\/div>\n\t\t\t\t\t<\/div>\n\t\t<\/article>\n\t\t\t\t<article class=\"elementor-post elementor-grid-item post-8849 post type-post status-publish format-standard has-post-thumbnail hentry category-noticias\" role=\"listitem\">\n\t\t\t<div class=\"elementor-post__card\">\n\t\t\t\t<a class=\"elementor-post__thumbnail__link\" href=\"https:\/\/radiocruzdasarmasfm.com.br\/site\/2026\/04\/16\/stf-decide-que-piso-nacional-deve-ser-pago-a-professores-temporarios\/\" tabindex=\"-1\" ><div class=\"elementor-post__thumbnail\"><img loading=\"lazy\" decoding=\"async\" width=\"768\" height=\"459\" src=\"https:\/\/radiocruzdasarmasfm.com.br\/site\/wp-content\/uploads\/2026\/04\/stf_1908200973-768x459.webp\" class=\"attachment-medium_large size-medium_large wp-image-8850\" alt=\"\" srcset=\"https:\/\/radiocruzdasarmasfm.com.br\/site\/wp-content\/uploads\/2026\/04\/stf_1908200973-768x459.webp 768w, https:\/\/radiocruzdasarmasfm.com.br\/site\/wp-content\/uploads\/2026\/04\/stf_1908200973-300x179.webp 300w, https:\/\/radiocruzdasarmasfm.com.br\/site\/wp-content\/uploads\/2026\/04\/stf_1908200973-700x419.webp 700w, https:\/\/radiocruzdasarmasfm.com.br\/site\/wp-content\/uploads\/2026\/04\/stf_1908200973.webp 1170w\" sizes=\"(max-width: 768px) 100vw, 768px\" \/><\/div><\/a>\n\t\t\t\t<div class=\"elementor-post__badge\">Not\u00edcias<\/div>\n\t\t\t\t<div class=\"elementor-post__text\">\n\t\t\t\t<h3 class=\"elementor-post__title\">\n\t\t\t<a href=\"https:\/\/radiocruzdasarmasfm.com.br\/site\/2026\/04\/16\/stf-decide-que-piso-nacional-deve-ser-pago-a-professores-temporarios\/\" >\n\t\t\t\tSTF decide que piso nacional deve ser pago a professores tempor\u00e1rios\t\t\t<\/a>\n\t\t<\/h3>\n\t\t\t\t<\/div>\n\t\t\t\t\t<\/div>\n\t\t<\/article>\n\t\t\t\t<article class=\"elementor-post elementor-grid-item post-8846 post type-post status-publish format-standard has-post-thumbnail hentry category-noticias category-paraiba\" role=\"listitem\">\n\t\t\t<div class=\"elementor-post__card\">\n\t\t\t\t<a class=\"elementor-post__thumbnail__link\" href=\"https:\/\/radiocruzdasarmasfm.com.br\/site\/2026\/04\/16\/coordenador-do-gaeco-afirma-que-mais-municipios-da-paraiba-podem-ser-investigados-por-relacao-com-faccoes\/\" tabindex=\"-1\" ><div class=\"elementor-post__thumbnail\"><img loading=\"lazy\" decoding=\"async\" width=\"768\" height=\"512\" src=\"https:\/\/radiocruzdasarmasfm.com.br\/site\/wp-content\/uploads\/2026\/04\/a444394dd21b589b760a6f3d68a561a3-768x512.webp\" class=\"attachment-medium_large size-medium_large wp-image-8847\" alt=\"\" srcset=\"https:\/\/radiocruzdasarmasfm.com.br\/site\/wp-content\/uploads\/2026\/04\/a444394dd21b589b760a6f3d68a561a3-768x512.webp 768w, https:\/\/radiocruzdasarmasfm.com.br\/site\/wp-content\/uploads\/2026\/04\/a444394dd21b589b760a6f3d68a561a3-300x200.webp 300w, https:\/\/radiocruzdasarmasfm.com.br\/site\/wp-content\/uploads\/2026\/04\/a444394dd21b589b760a6f3d68a561a3-700x466.webp 700w, https:\/\/radiocruzdasarmasfm.com.br\/site\/wp-content\/uploads\/2026\/04\/a444394dd21b589b760a6f3d68a561a3.webp 800w\" sizes=\"(max-width: 768px) 100vw, 768px\" \/><\/div><\/a>\n\t\t\t\t<div class=\"elementor-post__badge\">Not\u00edcias<\/div>\n\t\t\t\t<div class=\"elementor-post__text\">\n\t\t\t\t<h3 class=\"elementor-post__title\">\n\t\t\t<a href=\"https:\/\/radiocruzdasarmasfm.com.br\/site\/2026\/04\/16\/coordenador-do-gaeco-afirma-que-mais-municipios-da-paraiba-podem-ser-investigados-por-relacao-com-faccoes\/\" >\n\t\t\t\tCoordenador do Gaeco afirma que mais munic\u00edpios da Para\u00edba podem ser investigados por rela\u00e7\u00e3o com fac\u00e7\u00f5es\t\t\t<\/a>\n\t\t<\/h3>\n\t\t\t\t<\/div>\n\t\t\t\t\t<\/div>\n\t\t<\/article>\n\t\t\t\t<\/div>\n\t\t\n\t\t\t\t\t\t<\/div>\n\t\t\t\t<\/div>\n\t\t\t\t\t<\/div>\n\t\t<\/div>\n\t\t\t\t\t<\/div>\n\t\t<\/section>\n\t\t\t\t<\/div>\n\t\t","protected":false},"excerpt":{"rendered":"<p>NOT\u00cdCIAS<\/p>\n","protected":false},"author":1,"featured_media":0,"parent":0,"menu_order":0,"comment_status":"closed","ping_status":"closed","template":"","meta":{"footnotes":""},"class_list":["post-510","page","type-page","status-publish","hentry"],"_links":{"self":[{"href":"https:\/\/radiocruzdasarmasfm.com.br\/site\/wp-json\/wp\/v2\/pages\/510","targetHints":{"allow":["GET"]}}],"collection":[{"href":"https:\/\/radiocruzdasarmasfm.com.br\/site\/wp-json\/wp\/v2\/pages"}],"about":[{"href":"https:\/\/radiocruzdasarmasfm.com.br\/site\/wp-json\/wp\/v2\/types\/page"}],"author":[{"embeddable":true,"href":"https:\/\/radiocruzdasarmasfm.com.br\/site\/wp-json\/wp\/v2\/users\/1"}],"replies":[{"embeddable":true,"href":"https:\/\/radiocruzdasarmasfm.com.br\/site\/wp-json\/wp\/v2\/comments?post=510"}],"version-history":[{"count":10,"href":"https:\/\/radiocruzdasarmasfm.com.br\/site\/wp-json\/wp\/v2\/pages\/510\/revisions"}],"predecessor-version":[{"id":562,"href":"https:\/\/radiocruzdasarmasfm.com.br\/site\/wp-json\/wp\/v2\/pages\/510\/revisions\/562"}],"wp:attachment":[{"href":"https:\/\/radiocruzdasarmasfm.com.br\/site\/wp-json\/wp\/v2\/media?parent=510"}],"curies":[{"name":"wp","href":"https:\/\/api.w.org\/{rel}","templated":true}]}}